{"id":60,"date":"2019-07-28T19:58:26","date_gmt":"2019-07-28T18:58:26","guid":{"rendered":"https:\/\/flecklashexen.de\/wordpress\/?page_id=60"},"modified":"2023-11-28T22:36:46","modified_gmt":"2023-11-28T21:36:46","slug":"startseite","status":"publish","type":"page","link":"https:\/\/flecklashexen.de\/Startseite\/startseite\/","title":{"rendered":"\u00dcber uns"},"content":{"rendered":"\n<p>Unser Tanz basiert ausschlie\u00dflich auf modernen Musikst\u00fccken, die von Instrumentalversionen bekannter Titel bis hin zu Filmmusik reichen. Aber gerade die Auswahl dieser Musik stellt sich immer als besonders schwierig dar. Bisher ist es uns jedoch immer wieder gelungen echte \u201eRei\u00dfer\u201c zu finden, die sich sowohl optimal eignen, als auch noch nie bei einem Showtanz im Fasching zu h\u00f6ren waren. Die Allersberger Flecklashexen sind heute weit \u00fcber die Grenzen Frankens hinaus bekannt. Dazu haben vor allem div. Fernsehauftritte im Bayrischen Rundfunk und Franken Fernsehen sowie Messebesuche, Empf\u00e4nge in der Bayrischen Staatskanzlei und nicht zuletzt die seit 1992 im Kitzinger Fasnachtsmuseum ausgestellte Allersberger Flecklashex beigetragen. <\/p>\n\n\n\n<p>Mittlerweile d\u00fcrfen wir uns als eine der besten Brauchtumsshowtanzgruppen in ganz Deutschland nennen!<\/p>\n\n\n\n<p>Wir absolvieren pro Session rund 50 Auftritte in ganz Franken und dar\u00fcber hinaus. Etwa 30-40 davon sind T\u00e4nze. Zu finden sind wir mittlerweile fast \u00fcberall wo Fasching gefeiert wird. Unter anderem auch hier: <\/p>\n\n\n\n<p> Unter anderem auch hier: <\/p>\n\n\n\n<ul class=\"wp-block-list\">\n<li>Fernsehsitzung \u201eFastnacht in Franken\u201c im BR <\/li>\n\n\n\n<li>Fernsehsitzung \u201eFranken Helau&#8220; (Schwabach, Roth ) im BR<\/li>\n\n\n\n<li>Fernsehsitzung \u201eFernsehfaschingsgala\u201c von TV Touring W\u00fcrzburg<\/li>\n\n\n\n<li>Fastnachtsitzungen und Faschingsb\u00e4lle bei Faschingsgesellschaften in ganz Franken und dar\u00fcber hinaus (Augsburg, Ulm)<\/li>\n\n\n\n<li>Mitwirken bei div. \u201ebunten Faschingsprogrammen\u201c (Einkaufszentren)<\/li>\n\n\n\n<li>Faschingsumz\u00fcge in Allersberg, Schwand, Spalt, Schwabach und Greding<\/li>\n\n\n\n<li>Faschingsumzug in Winterthur (Schweiz)<\/li>\n\n\n\n<li>Und nat\u00fcrlich immer noch auf allen Faschingsveranstaltungen in und um Allersberg<\/li>\n<\/ul>\n\n\n\n<p><\/p>\n\n\n\n<figure class=\"wp-block-video\"><video controls src=\"https:\/\/drive.google.com\/file\/d\/18LkBeXdqVMQd_QDX_lFQL3tzOn20qAyU\/view?usp=drivesdk\"><\/video><\/figure>\n\n\n\n<p> <\/p>\n","protected":false},"excerpt":{"rendered":"<p>Unser Tanz basiert ausschlie\u00dflich auf modernen Musikst\u00fccken, die von Instrumentalversionen bekannter Titel bis hin zu Filmmusik reichen. Aber gerade die Auswahl dieser Musik stellt sich immer als besonders schwierig dar. Bisher ist es uns jedoch immer wieder gelungen echte \u201eRei\u00dfer\u201c zu finden, die sich sowohl optimal eignen, als auch noch [&hellip;]<\/p>\n","protected":false},"author":1,"featured_media":155,"parent":0,"menu_order":0,"comment_status":"closed","ping_status":"closed","template":"","meta":{"_coblocks_attr":"","_coblocks_dimensions":"","_coblocks_responsive_height":"","_coblocks_accordion_ie_support":"","_uag_custom_page_level_css":"","ngg_post_thumbnail":0,"footnotes":""},"class_list":["post-60","page","type-page","status-publish","has-post-thumbnail","hentry"],"uagb_featured_image_src":{"full":["https:\/\/i0.wp.com\/flecklashexen.de\/wp-content\/uploads\/2019\/07\/15025628_207302066376632_2535121575650072491_o.jpg?fit=2048%2C1367&ssl=1",2048,1367,false],"thumbnail":["https:\/\/i0.wp.com\/flecklashexen.de\/wp-content\/uploads\/2019\/07\/15025628_207302066376632_2535121575650072491_o.jpg?resize=150%2C150&ssl=1",150,150,true],"medium":["https:\/\/i0.wp.com\/flecklashexen.de\/wp-content\/uploads\/2019\/07\/15025628_207302066376632_2535121575650072491_o.jpg?fit=300%2C200&ssl=1",300,200,true],"medium_large":["https:\/\/i0.wp.com\/flecklashexen.de\/wp-content\/uploads\/2019\/07\/15025628_207302066376632_2535121575650072491_o.jpg?fit=750%2C501&ssl=1",750,501,true],"large":["https:\/\/i0.wp.com\/flecklashexen.de\/wp-content\/uploads\/2019\/07\/15025628_207302066376632_2535121575650072491_o.jpg?fit=750%2C501&ssl=1",750,501,true],"1536x1536":["https:\/\/i0.wp.com\/flecklashexen.de\/wp-content\/uploads\/2019\/07\/15025628_207302066376632_2535121575650072491_o.jpg?fit=1536%2C1025&ssl=1",1536,1025,true],"2048x2048":["https:\/\/i0.wp.com\/flecklashexen.de\/wp-content\/uploads\/2019\/07\/15025628_207302066376632_2535121575650072491_o.jpg?fit=2048%2C1367&ssl=1",2048,1367,true],"hestia-blog":["https:\/\/i0.wp.com\/flecklashexen.de\/wp-content\/uploads\/2019\/07\/15025628_207302066376632_2535121575650072491_o.jpg?resize=360%2C240&ssl=1",360,240,true]},"uagb_author_info":{"display_name":"Madders2704","author_link":"https:\/\/flecklashexen.de\/Startseite\/author\/madders2704\/"},"uagb_comment_info":1,"uagb_excerpt":"Unser Tanz basiert ausschlie\u00dflich auf modernen Musikst\u00fccken, die von Instrumentalversionen bekannter Titel bis hin zu Filmmusik reichen. Aber gerade die Auswahl dieser Musik stellt sich immer als besonders schwierig dar. Bisher ist es uns jedoch immer wieder gelungen echte \u201eRei\u00dfer\u201c zu finden, die sich sowohl optimal eignen, als auch noch [&hellip;]","jetpack_sharing_enabled":true,"_links":{"self":[{"href":"https:\/\/flecklashexen.de\/Startseite\/wp-json\/wp\/v2\/pages\/60","targetHints":{"allow":["GET"]}}],"collection":[{"href":"https:\/\/flecklashexen.de\/Startseite\/wp-json\/wp\/v2\/pages"}],"about":[{"href":"https:\/\/flecklashexen.de\/Startseite\/wp-json\/wp\/v2\/types\/page"}],"author":[{"embeddable":true,"href":"https:\/\/flecklashexen.de\/Startseite\/wp-json\/wp\/v2\/users\/1"}],"replies":[{"embeddable":true,"href":"https:\/\/flecklashexen.de\/Startseite\/wp-json\/wp\/v2\/comments?post=60"}],"version-history":[{"count":6,"href":"https:\/\/flecklashexen.de\/Startseite\/wp-json\/wp\/v2\/pages\/60\/revisions"}],"predecessor-version":[{"id":5942,"href":"https:\/\/flecklashexen.de\/Startseite\/wp-json\/wp\/v2\/pages\/60\/revisions\/5942"}],"wp:featuredmedia":[{"embeddable":true,"href":"https:\/\/flecklashexen.de\/Startseite\/wp-json\/wp\/v2\/media\/155"}],"wp:attachment":[{"href":"https:\/\/flecklashexen.de\/Startseite\/wp-json\/wp\/v2\/media?parent=60"}],"curies":[{"name":"wp","href":"https:\/\/api.w.org\/{rel}","templated":true}]}}