{"id":390,"date":"2019-07-31T13:01:25","date_gmt":"2019-07-31T11:01:25","guid":{"rendered":"https:\/\/flecklashexen.de\/?page_id=390"},"modified":"2026-04-19T18:21:36","modified_gmt":"2026-04-19T16:21:36","slug":"startseite-2","status":"publish","type":"page","link":"https:\/\/flecklashexen.de\/Startseite\/","title":{"rendered":"Startseite"},"content":{"rendered":"\n<p>Die Allersberger Flecklashexen sind eine der \u00e4ltesten Brauchtumsgruppen in Deutschland. Angesiedelt sind die im sch\u00f6nen Frankenland. Im 15. Jahrhundert wurden sie dort gegr\u00fcndet, um als Begleiter des Faschingskomitees zu ihren Abordnungen die Faschingsgsichter zum staunen zu bringen. Damals noch eher repr\u00e4sentativer Natur, haben die Hexen heute ganze T\u00e4nze und Choreos und reisen w\u00e4hrend der f\u00fcnften und sch\u00f6nsten Jahreszeit quer durch die Faschingslande. Diverse Fernsehauftritte im Bayrischen Rundfunk und Franken Fernsehen sowie Messebesuche, Empf\u00e4nge in der Bayrischen Staatskanzlei und nicht zuletzt die seit 1992 im Kitzinger Fastnachtsmuseum ausgestellte Allersberger Flecklashex haben dazu beigetragen, dass die Allersberger Flecklashexen weit \u00fcber die Grenzen Frankens bekannt geworden sind. Seit etlichen Jahren sind sie zudem ein fester Bestandteil von Fasnacht in Franken, zun\u00e4chst als Statisten, durften sie dort auch schon auftreten. <\/p>\n\n\n\n<section class=\"wp-block-uagb-section uagb-section__wrap uagb-section__background-undefined uagb-block-bb969b35-bb8c-418e-809f-d7c1f727f81c\"><div class=\"uagb-section__overlay\"><\/div><div class=\"uagb-section__inner-wrap\">\n<p><\/p>\n<\/div><\/section>\n\n\n\n<figure class=\"wp-block-video\"><video controls src=\"https:\/\/flecklashexen.de\/wp-content\/uploads\/2026\/04\/Veitsoecheim-Tanz.mp4\"><\/video><\/figure>\n\n\n\n<section class=\"wp-block-uagb-section uagb-section__wrap uagb-section__background-undefined uagb-block-9aa6cad5-bf17-4988-aa9f-dab57d94f1e0\"><div class=\"uagb-section__overlay\"><\/div><div class=\"uagb-section__inner-wrap\">\n<p><\/p>\n<\/div><\/section>\n\n\n\n<p>Sie performen pro Session rund 50 Auftritte in ganz Franken und dar\u00fcber hinaus. Etwa 30-40 davon sind T\u00e4nze. Zu finden sind wir mittlerweile fast \u00fcberall wo Fasching gefeiert wird.  <\/p>\n\n\n\n<p> Unter anderem auch hier: <\/p>\n\n\n\n<section class=\"wp-block-uagb-section uagb-section__wrap uagb-section__background-undefined uagb-block-c1799d89-56e7-4422-bb23-8afcbbde16db\"><div class=\"uagb-section__overlay\"><\/div><div class=\"uagb-section__inner-wrap\">\n<p><\/p>\n<\/div><\/section>\n\n\n\n<div class=\"wp-block-group\"><div class=\"wp-block-group__inner-container is-layout-flow wp-block-group-is-layout-flow\">\n<div class=\"wp-block-group\"><div class=\"wp-block-group__inner-container is-layout-flow wp-block-group-is-layout-flow\"><\/div><\/div>\n<\/div><\/div>\n\n\n\n<p id=\"wp-block-themeisle-blocks-advanced-heading-a3e578fb\" class=\"wp-block-themeisle-blocks-advanced-heading wp-block-themeisle-blocks-advanced-heading-a3e578fb\" style=\"color:#ffffff;font-family:;font-weight:normal;font-style:normal;text-transform:none;line-height:51px;letter-spacing:0\">&#8211; Fernsehsitzung \u201eFastnacht in Franken\u201c im BR  <br>&#8211; Fernsehsitzung \u201eFranken Helau&#8220; (Schwabach, Roth ) im BR <br>&#8211; Fernsehsitzung \u201eFernsehfaschingsgala\u201c von TV Touring W\u00fcrzburg <br>&#8211; Fastnachtsitzungen und Faschingsb\u00e4lle bei Faschingsgesellschaften in ganz Franken und dar\u00fcber hinaus (Augsburg, Ulm) <br>&#8211; Mitwirken bei div. \u201ebunten Faschingsprogrammen\u201c (Einkaufszentren) <br>&#8211; Faschingsumz\u00fcge in Allersberg, Schwand, Spalt, Schwabach und Greding  &#8211; Faschingsumzug in Winterthur (Schweiz) <br>&#8211; Und nat\u00fcrlich immer noch auf allen Faschingsveranstaltungen in und um Allersberg <\/p>\n\n\n\n<p><\/p>\n","protected":false},"excerpt":{"rendered":"<p>Die Allersberger Flecklashexen sind eine der \u00e4ltesten Brauchtumsgruppen in Deutschland. Angesiedelt sind die im sch\u00f6nen Frankenland. Im 15. Jahrhundert wurden sie dort gegr\u00fcndet, um als Begleiter des Faschingskomitees zu ihren Abordnungen die Faschingsgsichter zum staunen zu bringen. Damals noch eher repr\u00e4sentativer Natur, haben die Hexen heute ganze T\u00e4nze und Choreos [&hellip;]<\/p>\n","protected":false},"author":1,"featured_media":195,"parent":0,"menu_order":0,"comment_status":"closed","ping_status":"closed","template":"","meta":{"_coblocks_attr":"","_coblocks_dimensions":"","_coblocks_responsive_height":"","_coblocks_accordion_ie_support":"","_uag_custom_page_level_css":"","ngg_post_thumbnail":0,"footnotes":""},"class_list":["post-390","page","type-page","status-publish","has-post-thumbnail","hentry"],"uagb_featured_image_src":{"full":["https:\/\/i0.wp.com\/flecklashexen.de\/wp-content\/uploads\/2019\/07\/017d370df3283a03b90ffde77372b6afdef3cf3ca5.jpg?fit=1600%2C900&ssl=1",1600,900,false],"thumbnail":["https:\/\/i0.wp.com\/flecklashexen.de\/wp-content\/uploads\/2019\/07\/017d370df3283a03b90ffde77372b6afdef3cf3ca5.jpg?resize=150%2C150&ssl=1",150,150,true],"medium":["https:\/\/i0.wp.com\/flecklashexen.de\/wp-content\/uploads\/2019\/07\/017d370df3283a03b90ffde77372b6afdef3cf3ca5.jpg?fit=300%2C169&ssl=1",300,169,true],"medium_large":["https:\/\/i0.wp.com\/flecklashexen.de\/wp-content\/uploads\/2019\/07\/017d370df3283a03b90ffde77372b6afdef3cf3ca5.jpg?fit=750%2C422&ssl=1",750,422,true],"large":["https:\/\/i0.wp.com\/flecklashexen.de\/wp-content\/uploads\/2019\/07\/017d370df3283a03b90ffde77372b6afdef3cf3ca5.jpg?fit=750%2C422&ssl=1",750,422,true],"1536x1536":["https:\/\/i0.wp.com\/flecklashexen.de\/wp-content\/uploads\/2019\/07\/017d370df3283a03b90ffde77372b6afdef3cf3ca5.jpg?fit=1536%2C864&ssl=1",1536,864,true],"2048x2048":["https:\/\/i0.wp.com\/flecklashexen.de\/wp-content\/uploads\/2019\/07\/017d370df3283a03b90ffde77372b6afdef3cf3ca5.jpg?fit=1600%2C900&ssl=1",1600,900,true],"hestia-blog":["https:\/\/i0.wp.com\/flecklashexen.de\/wp-content\/uploads\/2019\/07\/017d370df3283a03b90ffde77372b6afdef3cf3ca5.jpg?resize=360%2C240&ssl=1",360,240,true]},"uagb_author_info":{"display_name":"Madders2704","author_link":"https:\/\/flecklashexen.de\/Startseite\/author\/madders2704\/"},"uagb_comment_info":0,"uagb_excerpt":"Die Allersberger Flecklashexen sind eine der \u00e4ltesten Brauchtumsgruppen in Deutschland. Angesiedelt sind die im sch\u00f6nen Frankenland. Im 15. Jahrhundert wurden sie dort gegr\u00fcndet, um als Begleiter des Faschingskomitees zu ihren Abordnungen die Faschingsgsichter zum staunen zu bringen. Damals noch eher repr\u00e4sentativer Natur, haben die Hexen heute ganze T\u00e4nze und Choreos [&hellip;]","jetpack_sharing_enabled":true,"_links":{"self":[{"href":"https:\/\/flecklashexen.de\/Startseite\/wp-json\/wp\/v2\/pages\/390","targetHints":{"allow":["GET"]}}],"collection":[{"href":"https:\/\/flecklashexen.de\/Startseite\/wp-json\/wp\/v2\/pages"}],"about":[{"href":"https:\/\/flecklashexen.de\/Startseite\/wp-json\/wp\/v2\/types\/page"}],"author":[{"embeddable":true,"href":"https:\/\/flecklashexen.de\/Startseite\/wp-json\/wp\/v2\/users\/1"}],"replies":[{"embeddable":true,"href":"https:\/\/flecklashexen.de\/Startseite\/wp-json\/wp\/v2\/comments?post=390"}],"version-history":[{"count":21,"href":"https:\/\/flecklashexen.de\/Startseite\/wp-json\/wp\/v2\/pages\/390\/revisions"}],"predecessor-version":[{"id":5981,"href":"https:\/\/flecklashexen.de\/Startseite\/wp-json\/wp\/v2\/pages\/390\/revisions\/5981"}],"wp:featuredmedia":[{"embeddable":true,"href":"https:\/\/flecklashexen.de\/Startseite\/wp-json\/wp\/v2\/media\/195"}],"wp:attachment":[{"href":"https:\/\/flecklashexen.de\/Startseite\/wp-json\/wp\/v2\/media?parent=390"}],"curies":[{"name":"wp","href":"https:\/\/api.w.org\/{rel}","templated":true}]}}