{"id":267,"date":"2019-07-30T12:58:16","date_gmt":"2019-07-30T10:58:16","guid":{"rendered":"https:\/\/flecklashexen.de\/wordpress\/?page_id=267"},"modified":"2026-04-19T18:27:00","modified_gmt":"2026-04-19T16:27:00","slug":"berichte-uber-uns","status":"publish","type":"page","link":"https:\/\/flecklashexen.de\/Startseite\/berichte-uber-uns\/","title":{"rendered":"Presse \/ Media"},"content":{"rendered":"\n<section class=\"wp-block-uagb-section uagb-section__wrap uagb-section__background-undefined uagb-block-52dec7c6\"><div class=\"uagb-section__overlay\"><\/div><div class=\"uagb-section__inner-wrap\"><\/div><\/section>\n\n\n\n<p><\/p>\n\n\n\n<p style=\"font-size:21px\"><strong>Schon seit langer Zeit sind wir fester Bestandteil der ber\u00fchmten Fernsehsendung &#8222;Fastnacht in Franken&#8220;. Am 30-j\u00e4hrigem Jubil\u00e4um der Sendung wurde uns die Ehre zu Teil, unseren einstudierten Tanz vor einem Millionenpublikum live zu performen!<\/strong><\/p>\n\n\n\n<section class=\"wp-block-uagb-section uagb-section__wrap uagb-section__background-undefined uagb-block-ddc0d37c\"><div class=\"uagb-section__overlay\"><\/div><div class=\"uagb-section__inner-wrap\"><\/div><\/section>\n\n\n\n<figure class=\"wp-block-video\"><video controls src=\"https:\/\/flecklashexen.de\/wp-content\/uploads\/2026\/04\/Veitsoecheim-Tanz-1.mp4\"><\/video><\/figure>\n\n\n\n<section class=\"wp-block-uagb-section uagb-section__wrap uagb-section__background-undefined uagb-block-1ba1f9f4\"><div class=\"uagb-section__overlay\"><\/div><div class=\"uagb-section__inner-wrap\">\n<p><\/p>\n<\/div><\/section>\n\n\n\n<section class=\"wp-block-uagb-section uagb-section__wrap uagb-section__background-undefined uagb-block-6fe8050b\"><div class=\"uagb-section__overlay\"><\/div><div class=\"uagb-section__inner-wrap\">\n<p><\/p>\n<\/div><\/section>\n\n\n\n<p style=\"font-size:21px\"><strong>Anfang November 2018 besuchte uns das &#8222;FRANKENFERNSEHEN.TV&#8220;-Team in einer unserer Trainingseinheiten.<\/strong><\/p>\n\n\n\n<figure class=\"wp-block-video\"><video controls poster=\"https:\/\/flecklashexen.de\/wp-content\/uploads\/2019\/08\/109075.jpg\" src=\"https:\/\/flecklashexen.de\/wp-content\/uploads\/2019\/07\/getfvid_10000000_307696460110847_2476097688916248361_n-3.mp4\"><\/video><\/figure>\n\n\n\n<section class=\"wp-block-uagb-section uagb-section__wrap uagb-section__background-undefined uagb-block-0f166419\"><div class=\"uagb-section__overlay\"><\/div><div class=\"uagb-section__inner-wrap\">\n<p><\/p>\n<\/div><\/section>\n\n\n\n<section class=\"wp-block-uagb-section uagb-section__wrap uagb-section__background-undefined uagb-block-9fd742df\"><div class=\"uagb-section__overlay\"><\/div><div class=\"uagb-section__inner-wrap\">\n<p><\/p>\n<\/div><\/section>\n\n\n\n<p style=\"font-size:21px\"><strong>Anfang des Jahres 2020 ging ein Team des \u201eFranken Fernsehen\u201c einen Abend lang mit uns auf Tour.<\/strong><\/p>\n\n\n\n<section class=\"wp-block-uagb-section uagb-section__wrap uagb-section__background-undefined uagb-block-4b94298a\"><div class=\"uagb-section__overlay\"><\/div><div class=\"uagb-section__inner-wrap\"><\/div><\/section>\n\n\n\n<div class=\"wp-block-uagb-buttons uagb-buttons__outer-wrap uagb-btn__default-btn uagb-btn-tablet__default-btn uagb-btn-mobile__default-btn uagb-block-04f98844\" id=\"uagb-buttons-13a73929-5c4f-4771-a755-9ef270d9bbde\"><div class=\"uagb-buttons__wrap uagb-buttons-layout-wrap \">\n<div class=\"wp-block-uagb-buttons-child uagb-buttons__outer-wrap uagb-block-ccf20b0b wp-block-button\"><div class=\"uagb-button__wrapper\"><a class=\"uagb-buttons-repeater wp-block-button__link\" aria-label=\"\" href=\"https:\/\/www.frankenfernsehen.tv\/mediathek\/video\/vereinsmeier-die-allersberger-flecklashexen\/\" rel=\"follow noopener\" target=\"_self\" role=\"button\"><div class=\"uagb-button__link\">Hier geht es zum f\u00fcnf min\u00fctigen Bericht<\/div><\/a><\/div><\/div>\n\n\n\n<div class=\"wp-block-uagb-buttons-child uagb-buttons__outer-wrap uagb-block-69ea4016 wp-block-button is-style-outline\"><div class=\"uagb-button__wrapper\"><a class=\"uagb-buttons-repeater wp-block-button__link\" aria-label=\"\" href=\"#https:\/\/www.frankenfernsehen.tv\/mediathek\/video\/reportage-unterwegs-mit-den-allersberger-flecklashexen\/\" rel=\"follow noopener\" target=\"_self\" role=\"button\"><div class=\"uagb-button__link\">Hier geht es zum zw\u00f6lf min\u00fctigen Bericht <\/div><\/a><\/div><\/div>\n<\/div><\/div>\n\n\n\n<section class=\"wp-block-uagb-section uagb-section__wrap uagb-section__background-undefined uagb-block-f81c6e29\"><div class=\"uagb-section__overlay\"><\/div><div class=\"uagb-section__inner-wrap\"><\/div><\/section>\n\n\n\n<section class=\"wp-block-uagb-section uagb-section__wrap uagb-section__background-undefined uagb-block-526b6a30\"><div class=\"uagb-section__overlay\"><\/div><div class=\"uagb-section__inner-wrap\"><\/div><\/section>\n\n\n\n<p><\/p>\n","protected":false},"excerpt":{"rendered":"<p>Schon seit langer Zeit sind wir fester Bestandteil der ber\u00fchmten Fernsehsendung &#8222;Fastnacht in Franken&#8220;. Am 30-j\u00e4hrigem Jubil\u00e4um der Sendung wurde uns die Ehre zu Teil, unseren einstudierten Tanz vor einem Millionenpublikum live zu performen! Anfang November 2018 besuchte uns das &#8222;FRANKENFERNSEHEN.TV&#8220;-Team in einer unserer Trainingseinheiten. Anfang des Jahres 2020 ging [&hellip;]<\/p>\n","protected":false},"author":1,"featured_media":155,"parent":0,"menu_order":0,"comment_status":"closed","ping_status":"closed","template":"","meta":{"_coblocks_attr":"","_coblocks_dimensions":"","_coblocks_responsive_height":"","_coblocks_accordion_ie_support":"","_uag_custom_page_level_css":"","ngg_post_thumbnail":0,"footnotes":""},"class_list":["post-267","page","type-page","status-publish","has-post-thumbnail","hentry"],"uagb_featured_image_src":{"full":["https:\/\/i0.wp.com\/flecklashexen.de\/wp-content\/uploads\/2019\/07\/15025628_207302066376632_2535121575650072491_o.jpg?fit=2048%2C1367&ssl=1",2048,1367,false],"thumbnail":["https:\/\/i0.wp.com\/flecklashexen.de\/wp-content\/uploads\/2019\/07\/15025628_207302066376632_2535121575650072491_o.jpg?resize=150%2C150&ssl=1",150,150,true],"medium":["https:\/\/i0.wp.com\/flecklashexen.de\/wp-content\/uploads\/2019\/07\/15025628_207302066376632_2535121575650072491_o.jpg?fit=300%2C200&ssl=1",300,200,true],"medium_large":["https:\/\/i0.wp.com\/flecklashexen.de\/wp-content\/uploads\/2019\/07\/15025628_207302066376632_2535121575650072491_o.jpg?fit=750%2C501&ssl=1",750,501,true],"large":["https:\/\/i0.wp.com\/flecklashexen.de\/wp-content\/uploads\/2019\/07\/15025628_207302066376632_2535121575650072491_o.jpg?fit=750%2C501&ssl=1",750,501,true],"1536x1536":["https:\/\/i0.wp.com\/flecklashexen.de\/wp-content\/uploads\/2019\/07\/15025628_207302066376632_2535121575650072491_o.jpg?fit=1536%2C1025&ssl=1",1536,1025,true],"2048x2048":["https:\/\/i0.wp.com\/flecklashexen.de\/wp-content\/uploads\/2019\/07\/15025628_207302066376632_2535121575650072491_o.jpg?fit=2048%2C1367&ssl=1",2048,1367,true],"hestia-blog":["https:\/\/i0.wp.com\/flecklashexen.de\/wp-content\/uploads\/2019\/07\/15025628_207302066376632_2535121575650072491_o.jpg?resize=360%2C240&ssl=1",360,240,true]},"uagb_author_info":{"display_name":"Madders2704","author_link":"https:\/\/flecklashexen.de\/Startseite\/author\/madders2704\/"},"uagb_comment_info":0,"uagb_excerpt":"Schon seit langer Zeit sind wir fester Bestandteil der ber\u00fchmten Fernsehsendung &#8222;Fastnacht in Franken&#8220;. Am 30-j\u00e4hrigem Jubil\u00e4um der Sendung wurde uns die Ehre zu Teil, unseren einstudierten Tanz vor einem Millionenpublikum live zu performen! Anfang November 2018 besuchte uns das &#8222;FRANKENFERNSEHEN.TV&#8220;-Team in einer unserer Trainingseinheiten. Anfang des Jahres 2020 ging [&hellip;]","jetpack_sharing_enabled":true,"_links":{"self":[{"href":"https:\/\/flecklashexen.de\/Startseite\/wp-json\/wp\/v2\/pages\/267","targetHints":{"allow":["GET"]}}],"collection":[{"href":"https:\/\/flecklashexen.de\/Startseite\/wp-json\/wp\/v2\/pages"}],"about":[{"href":"https:\/\/flecklashexen.de\/Startseite\/wp-json\/wp\/v2\/types\/page"}],"author":[{"embeddable":true,"href":"https:\/\/flecklashexen.de\/Startseite\/wp-json\/wp\/v2\/users\/1"}],"replies":[{"embeddable":true,"href":"https:\/\/flecklashexen.de\/Startseite\/wp-json\/wp\/v2\/comments?post=267"}],"version-history":[{"count":31,"href":"https:\/\/flecklashexen.de\/Startseite\/wp-json\/wp\/v2\/pages\/267\/revisions"}],"predecessor-version":[{"id":5984,"href":"https:\/\/flecklashexen.de\/Startseite\/wp-json\/wp\/v2\/pages\/267\/revisions\/5984"}],"wp:featuredmedia":[{"embeddable":true,"href":"https:\/\/flecklashexen.de\/Startseite\/wp-json\/wp\/v2\/media\/155"}],"wp:attachment":[{"href":"https:\/\/flecklashexen.de\/Startseite\/wp-json\/wp\/v2\/media?parent=267"}],"curies":[{"name":"wp","href":"https:\/\/api.w.org\/{rel}","templated":true}]}}