{"id":2,"date":"2019-07-25T17:27:47","date_gmt":"2019-07-25T15:27:47","guid":{"rendered":"https:\/\/flecklashexen.de\/wordpress\/?page_id=2"},"modified":"2020-01-16T15:51:12","modified_gmt":"2020-01-16T14:51:12","slug":"geschichte","status":"publish","type":"page","link":"https:\/\/flecklashexen.de\/Startseite\/geschichte\/","title":{"rendered":"Die Geschichte"},"content":{"rendered":"<p><!--EndFragment--><\/p>\n<p>Der Beginn des Hexenbrauchtums in Allersberg l\u00e4sst sich heute nicht mehr auf eine genaue Jahreszahl zur\u00fcckverfolgen. Es ist jedoch sicher, dass unser Brauchtum aus der Zeit nach 1475 stammt, als Allersberg zur \u201eJungen Pfalz Neuburg\u201c geh\u00f6rte. Leider gingen die alten Masken und Gew\u00e4nder aus dieser Zeit im zweiten Weltkrieg verloren.<\/p>\n<p>Doch trotz solcher Verluste blieb das Hexenbrauchtum in Allersberg auch nach dem<br \/>\nzweiten Weltkrieg mehr als lebendig. So gab es schon bald wieder am unsinnigen Donnerstag<br \/>\ndas Hexenlaufen auf dem Marktplatz, das sich gro\u00dfer Beliebtheit bei den Kindern des<br \/>\nMarktes erfreute und noch bis heute besteht.<\/p>\n<p>Mit der Gr\u00fcndung des Faschingskomitee Allersberg \u00e4nderten sich auch die Zeiten f\u00fcr die Allersberger Flecklashexen, da die Brauchtumspflege fortan in den H\u00e4nden des Komitee\u2019s lag. So gelang es, einen Allersberger Hobbyschnitzer daf\u00fcr zu gewinnen, wieder Masken nach alten Vorbildern herzustellen. Die Hexen waren ab diesem Zeitpunkt bei jedem Auftritt des Komitee\u2019s dabei. Diese erstreckten sich Anfangs meist nur auf den Besuch vom Faschingsb\u00e4llen und Kappenabenden bei Vereinen aus der Umgebung. Es galt schlie\u00dflich, m\u00f6glichst viele Teilnehmer f\u00fcr den noch sehr jungen Allersberger Faschingszug zu gewinnen.<\/p>\n<p>Doch das Faschingskomitee Allersberg war auch au\u00dferhalb Allersbergs sehr aktiv, und so waren bald Kontakte mit Karnevalsvereinen in ganz Franken gekn\u00fcpft. Ein Problem bestand jedoch noch: Allersberg hatte keinen Garde. Es konnte also Nichts zu anderen Vereinen entsandt werden, wof\u00fcr man im Gegenzug einen Auftritt zur\u00fcckbekam. So entstand der Gedanke, die Allersberger Flecklashexen zu mehr als nur zur Dekoration zu nutzen.<\/p>\n<p>Bald wurde der erste Tanz einstudiert, welcher zun\u00e4chst einfach Schritte beinhaltete. Dies \u00e4nderte sich jedoch ziemlich schnell, als in der Session 1988\/1989 die ehemalige Gardet\u00e4nzerin des RCV Claudia Gmelch begann, die Flecklashexen zu trainieren. Von da an entwickelte sich unser Tanz rasant und auch Hebungen wurden Teil unserer Perfomance. Leider hat uns Claudia nach 11 Jahren wieder verlassen. Danach \u00fcbernahm Thomas Herzig, der vorher selbst bei den Hexen mittanzte, das Amt des Trainers. 2007 bis 2017 war die jahrelange Gardet\u00e4nzerin Jessica Heim als Trainerin f\u00fcr die Hexen aktiv. Seit September 2017 werden sie von Sarah Heinrich und Stephanie B\u00f6hm trainiert. Sie sind auch noch als Gardetrainerinnen und -t\u00e4nzerinnen in anderen Faschingsgesellschaften aktiv.<\/p>\n","protected":false},"excerpt":{"rendered":"<p>Der Beginn des Hexenbrauchtums in Allersberg l\u00e4sst sich heute nicht mehr auf eine genaue Jahreszahl zur\u00fcckverfolgen. Es ist jedoch sicher, dass unser Brauchtum aus der Zeit nach 1475 stammt, als Allersberg zur \u201eJungen Pfalz Neuburg\u201c geh\u00f6rte. Leider gingen die alten Masken und Gew\u00e4nder aus dieser Zeit im zweiten Weltkrieg verloren. [&hellip;]<\/p>\n","protected":false},"author":1,"featured_media":0,"parent":0,"menu_order":0,"comment_status":"closed","ping_status":"closed","template":"","meta":{"_coblocks_attr":"","_coblocks_dimensions":"","_coblocks_responsive_height":"","_coblocks_accordion_ie_support":"","_uag_custom_page_level_css":"","ngg_post_thumbnail":0,"footnotes":""},"class_list":["post-2","page","type-page","status-publish","hentry"],"uagb_featured_image_src":{"full":false,"thumbnail":false,"medium":false,"medium_large":false,"large":false,"1536x1536":false,"2048x2048":false,"hestia-blog":false},"uagb_author_info":{"display_name":"Madders2704","author_link":"https:\/\/flecklashexen.de\/Startseite\/author\/madders2704\/"},"uagb_comment_info":0,"uagb_excerpt":"Der Beginn des Hexenbrauchtums in Allersberg l\u00e4sst sich heute nicht mehr auf eine genaue Jahreszahl zur\u00fcckverfolgen. Es ist jedoch sicher, dass unser Brauchtum aus der Zeit nach 1475 stammt, als Allersberg zur \u201eJungen Pfalz Neuburg\u201c geh\u00f6rte. Leider gingen die alten Masken und Gew\u00e4nder aus dieser Zeit im zweiten Weltkrieg verloren. [&hellip;]","jetpack_sharing_enabled":true,"_links":{"self":[{"href":"https:\/\/flecklashexen.de\/Startseite\/wp-json\/wp\/v2\/pages\/2","targetHints":{"allow":["GET"]}}],"collection":[{"href":"https:\/\/flecklashexen.de\/Startseite\/wp-json\/wp\/v2\/pages"}],"about":[{"href":"https:\/\/flecklashexen.de\/Startseite\/wp-json\/wp\/v2\/types\/page"}],"author":[{"embeddable":true,"href":"https:\/\/flecklashexen.de\/Startseite\/wp-json\/wp\/v2\/users\/1"}],"replies":[{"embeddable":true,"href":"https:\/\/flecklashexen.de\/Startseite\/wp-json\/wp\/v2\/comments?post=2"}],"version-history":[{"count":10,"href":"https:\/\/flecklashexen.de\/Startseite\/wp-json\/wp\/v2\/pages\/2\/revisions"}],"predecessor-version":[{"id":5858,"href":"https:\/\/flecklashexen.de\/Startseite\/wp-json\/wp\/v2\/pages\/2\/revisions\/5858"}],"wp:attachment":[{"href":"https:\/\/flecklashexen.de\/Startseite\/wp-json\/wp\/v2\/media?parent=2"}],"curies":[{"name":"wp","href":"https:\/\/api.w.org\/{rel}","templated":true}]}}